{"id":434,"date":"2019-06-04T09:48:34","date_gmt":"2019-06-04T09:48:34","guid":{"rendered":"https:\/\/eleggua.es\/blog\/?page_id=434"},"modified":"2019-06-04T09:50:25","modified_gmt":"2019-06-04T09:50:25","slug":"tienda-esoterica-al-por-mayor","status":"publish","type":"page","link":"https:\/\/eleggua.es\/blog\/tienda-esoterica-al-por-mayor\/","title":{"rendered":"Tienda esot\u00e9rica al por mayor"},"content":{"rendered":"<p>[et_pb_section fb_built=\u00bb1&#8243; specialty=\u00bbon\u00bb _builder_version=\u00bb3.22.7&#8243; custom_padding=\u00bb22px||0px|||\u00bb][et_pb_column type=\u00bb1_3&#8243; _builder_version=\u00bb3.0.47&#8243;][et_pb_image src=\u00bbhttps:\/\/eleggua.es\/blog\/wp-content\/uploads\/2019\/05\/fondo-contenido3.jpg\u00bb disabled_on=\u00bbon|off|off\u00bb _builder_version=\u00bb3.22.7&#8243; width=\u00bb100%\u00bb custom_margin=\u00bb-53px|67px|-29px|-56px||\u00bb custom_padding=\u00bb0px|0px||0px||\u00bb][\/et_pb_image][\/et_pb_column][et_pb_column type=\u00bb2_3&#8243; specialty_columns=\u00bb2&#8243; _builder_version=\u00bb3.0.47&#8243;][et_pb_row_inner _builder_version=\u00bb3.22.7&#8243;][et_pb_column_inner type=\u00bb4_4&#8243; saved_specialty_column_type=\u00bb2_3&#8243; _builder_version=\u00bb3.0.47&#8243;][et_pb_text _builder_version=\u00bb3.22.7&#8243; text_font=\u00bb||||||||\u00bb text_text_color=\u00bb#900f3c\u00bb text_font_size=\u00bb18px\u00bb header_font=\u00bb||||||||\u00bb header_text_color=\u00bb#900f3c\u00bb header_font_size=\u00bb18px\u00bb header_line_height=\u00bb1.3em\u00bb]<\/p>\n<div id=\"titulo\" style=\"text-align: center;\">\n<h1 id=\"titulo\"><strong>TIENDAS ESOT\u00c9RICAS MADRID<\/strong><\/h1>\n<\/div>\n<p>[\/et_pb_text][\/et_pb_column_inner][\/et_pb_row_inner][et_pb_row_inner custom_padding=\u00bb|20px|37px|20px||\u00bb _builder_version=\u00bb3.22.7&#8243; background_image=\u00bbhttps:\/\/eleggua.es\/blog\/wp-content\/uploads\/2019\/05\/fondoferia.jpg\u00bb border_radii=\u00bbon|29px|29px|29px|29px\u00bb][et_pb_column_inner type=\u00bb4_4&#8243; saved_specialty_column_type=\u00bb2_3&#8243; _builder_version=\u00bb3.0.47&#8243;][et_pb_image src=\u00bbhttps:\/\/eleggua.es\/blog\/wp-content\/uploads\/2019\/05\/magic02.jpg\u00bb align=\u00bbcenter\u00bb _builder_version=\u00bb3.22.7&#8243; border_width_all=\u00bb3px\u00bb border_color_all=\u00bb#006633&#8243;][\/et_pb_image][et_pb_text _builder_version=\u00bb3.22.7&#8243; text_font=\u00bb||||||||\u00bb text_text_color=\u00bb#000000&#8243;]<\/p>\n<div id=\"ven\" style=\"text-align: justify;\">\n<p><span>Consulte nuestra tienda online Eleggua.es pone a su disposici\u00f3n una amplia gama de\u00a0<\/span><b>productos esot\u00e9ricos al por mayor<\/b><span>. Contamos con contrastada experiencia en el sector, con m\u00e1s de 15.000 art\u00edculos esot\u00e9ricos a la venta, lo que nos ha convertido en una de las empresas de mayor referencia.<\/span><\/p>\n<p>Nos dedicamos a la fabricaci\u00f3n, distribuci\u00f3n e importaci\u00f3n de<span>\u00a0<\/span><a href=\"https:\/\/eleggua.es\/blog\/\" title=\"productos esotericos al por mayor\" target=\"_self\" rel=\"noopener noreferrer\">productos esot\u00e9ricos al por mayor<\/a>, ofreci\u00e9ndole productos de alta calidad al mejor precio.<\/p>\n<\/div>\n<p>[\/et_pb_text][\/et_pb_column_inner][\/et_pb_row_inner][\/et_pb_column][\/et_pb_section]<\/p>\n","protected":false},"excerpt":{"rendered":"<p>[et_pb_section fb_built=\u00bb1&#8243; specialty=\u00bbon\u00bb _builder_version=\u00bb3.22.7&#8243; custom_padding=\u00bb22px||0px|||\u00bb][et_pb_column type=\u00bb1_3&#8243; _builder_version=\u00bb3.0.47&#8243;][et_pb_image src=\u00bbhttps:\/\/eleggua.es\/blog\/wp-content\/uploads\/2019\/05\/fondo-contenido3.jpg\u00bb disabled_on=\u00bbon|off|off\u00bb _builder_version=\u00bb3.22.7&#8243; width=\u00bb100%\u00bb custom_margin=\u00bb-53px|67px|-29px|-56px||\u00bb custom_padding=\u00bb0px|0px||0px||\u00bb][\/et_pb_image][\/et_pb_column][et_pb_column type=\u00bb2_3&#8243; specialty_columns=\u00bb2&#8243; _builder_version=\u00bb3.0.47&#8243;][et_pb_row_inner _builder_version=\u00bb3.22.7&#8243;][et_pb_column_inner type=\u00bb4_4&#8243; saved_specialty_column_type=\u00bb2_3&#8243; _builder_version=\u00bb3.0.47&#8243;][et_pb_text _builder_version=\u00bb3.22.7&#8243; text_font=\u00bb||||||||\u00bb text_text_color=\u00bb#900f3c\u00bb text_font_size=\u00bb18px\u00bb header_font=\u00bb||||||||\u00bb header_text_color=\u00bb#900f3c\u00bb header_font_size=\u00bb18px\u00bb header_line_height=\u00bb1.3em\u00bb] TIENDAS ESOT\u00c9RICAS MADRID [\/et_pb_text][\/et_pb_column_inner][\/et_pb_row_inner][et_pb_row_inner custom_padding=\u00bb|20px|37px|20px||\u00bb _builder_version=\u00bb3.22.7&#8243; background_image=\u00bbhttps:\/\/eleggua.es\/blog\/wp-content\/uploads\/2019\/05\/fondoferia.jpg\u00bb border_radii=\u00bbon|29px|29px|29px|29px\u00bb][et_pb_column_inner type=\u00bb4_4&#8243; saved_specialty_column_type=\u00bb2_3&#8243; _builder_version=\u00bb3.0.47&#8243;][et_pb_image src=\u00bbhttps:\/\/eleggua.es\/blog\/wp-content\/uploads\/2019\/05\/magic02.jpg\u00bb align=\u00bbcenter\u00bb _builder_version=\u00bb3.22.7&#8243; border_width_all=\u00bb3px\u00bb border_color_all=\u00bb#006633&#8243;][\/et_pb_image][et_pb_text _builder_version=\u00bb3.22.7&#8243; text_font=\u00bb||||||||\u00bb text_text_color=\u00bb#000000&#8243;] Consulte nuestra tienda online Eleggua.es pone a su [&hellip;]<\/p>\n","protected":false},"author":1,"featured_media":0,"parent":0,"menu_order":0,"comment_status":"closed","ping_status":"closed","template":"","meta":{"_et_pb_use_builder":"on","_et_pb_old_content":"<!-- wp:divi\/placeholder \/-->"},"yoast_head":"<!-- This site is optimized with the Yoast SEO plugin v19.1 - https:\/\/yoast.com\/wordpress\/plugins\/seo\/ -->\n<title>Tienda esot\u00e9rica al por mayor - Eleggua<\/title>\n<meta name=\"robots\" content=\"index, follow, max-snippet:-1, max-image-preview:large, max-video-preview:-1\" \/>\n<link rel=\"canonical\" href=\"https:\/\/eleggua.es\/blog\/tienda-esoterica-al-por-mayor\/\" \/>\n<meta property=\"og:locale\" content=\"es_ES\" \/>\n<meta property=\"og:type\" content=\"article\" \/>\n<meta property=\"og:title\" content=\"Tienda esot\u00e9rica al por mayor - Eleggua\" \/>\n<meta property=\"og:description\" content=\"[et_pb_section fb_built=\u00bb1&#8243; specialty=\u00bbon\u00bb _builder_version=\u00bb3.22.7&#8243; custom_padding=\u00bb22px||0px|||\u00bb][et_pb_column type=\u00bb1_3&#8243; _builder_version=\u00bb3.0.47&#8243;][et_pb_image src=\u00bbhttps:\/\/eleggua.es\/blog\/wp-content\/uploads\/2019\/05\/fondo-contenido3.jpg\u00bb disabled_on=\u00bbon|off|off\u00bb _builder_version=\u00bb3.22.7&#8243; width=\u00bb100%\u00bb custom_margin=\u00bb-53px|67px|-29px|-56px||\u00bb custom_padding=\u00bb0px|0px||0px||\u00bb][\/et_pb_image][\/et_pb_column][et_pb_column type=\u00bb2_3&#8243; specialty_columns=\u00bb2&#8243; _builder_version=\u00bb3.0.47&#8243;][et_pb_row_inner _builder_version=\u00bb3.22.7&#8243;][et_pb_column_inner type=\u00bb4_4&#8243; saved_specialty_column_type=\u00bb2_3&#8243; _builder_version=\u00bb3.0.47&#8243;][et_pb_text _builder_version=\u00bb3.22.7&#8243; text_font=\u00bb||||||||\u00bb text_text_color=\u00bb#900f3c\u00bb text_font_size=\u00bb18px\u00bb header_font=\u00bb||||||||\u00bb header_text_color=\u00bb#900f3c\u00bb header_font_size=\u00bb18px\u00bb header_line_height=\u00bb1.3em\u00bb] TIENDAS ESOT\u00c9RICAS MADRID [\/et_pb_text][\/et_pb_column_inner][\/et_pb_row_inner][et_pb_row_inner custom_padding=\u00bb|20px|37px|20px||\u00bb _builder_version=\u00bb3.22.7&#8243; background_image=\u00bbhttps:\/\/eleggua.es\/blog\/wp-content\/uploads\/2019\/05\/fondoferia.jpg\u00bb border_radii=\u00bbon|29px|29px|29px|29px\u00bb][et_pb_column_inner type=\u00bb4_4&#8243; saved_specialty_column_type=\u00bb2_3&#8243; _builder_version=\u00bb3.0.47&#8243;][et_pb_image src=\u00bbhttps:\/\/eleggua.es\/blog\/wp-content\/uploads\/2019\/05\/magic02.jpg\u00bb align=\u00bbcenter\u00bb _builder_version=\u00bb3.22.7&#8243; border_width_all=\u00bb3px\u00bb border_color_all=\u00bb#006633&#8243;][\/et_pb_image][et_pb_text _builder_version=\u00bb3.22.7&#8243; text_font=\u00bb||||||||\u00bb text_text_color=\u00bb#000000&#8243;] Consulte nuestra tienda online Eleggua.es pone a su [&hellip;]\" \/>\n<meta property=\"og:url\" content=\"https:\/\/eleggua.es\/blog\/tienda-esoterica-al-por-mayor\/\" \/>\n<meta property=\"og:site_name\" content=\"Eleggua\" \/>\n<meta property=\"article:modified_time\" content=\"2019-06-04T09:50:25+00:00\" \/>\n<meta name=\"twitter:card\" content=\"summary_large_image\" \/>\n<meta name=\"twitter:label1\" content=\"Tiempo de lectura\" \/>\n\t<meta name=\"twitter:data1\" content=\"2 minutos\" \/>\n<script type=\"application\/ld+json\" class=\"yoast-schema-graph\">{\"@context\":\"https:\/\/schema.org\",\"@graph\":[{\"@type\":\"WebSite\",\"@id\":\"https:\/\/eleggua.es\/blog\/#website\",\"url\":\"https:\/\/eleggua.es\/blog\/\",\"name\":\"Eleggua\",\"description\":\"Tiendas de productos esot\u00e9ricos en Madrid y Barcelona. Tienda online de productos esotericos y de santeria al por mayor.\",\"potentialAction\":[{\"@type\":\"SearchAction\",\"target\":{\"@type\":\"EntryPoint\",\"urlTemplate\":\"https:\/\/eleggua.es\/blog\/?s={search_term_string}\"},\"query-input\":\"required name=search_term_string\"}],\"inLanguage\":\"es\"},{\"@type\":\"WebPage\",\"@id\":\"https:\/\/eleggua.es\/blog\/tienda-esoterica-al-por-mayor\/#webpage\",\"url\":\"https:\/\/eleggua.es\/blog\/tienda-esoterica-al-por-mayor\/\",\"name\":\"Tienda esot\u00e9rica al por mayor - Eleggua\",\"isPartOf\":{\"@id\":\"https:\/\/eleggua.es\/blog\/#website\"},\"datePublished\":\"2019-06-04T09:48:34+00:00\",\"dateModified\":\"2019-06-04T09:50:25+00:00\",\"breadcrumb\":{\"@id\":\"https:\/\/eleggua.es\/blog\/tienda-esoterica-al-por-mayor\/#breadcrumb\"},\"inLanguage\":\"es\",\"potentialAction\":[{\"@type\":\"ReadAction\",\"target\":[\"https:\/\/eleggua.es\/blog\/tienda-esoterica-al-por-mayor\/\"]}]},{\"@type\":\"BreadcrumbList\",\"@id\":\"https:\/\/eleggua.es\/blog\/tienda-esoterica-al-por-mayor\/#breadcrumb\",\"itemListElement\":[{\"@type\":\"ListItem\",\"position\":1,\"name\":\"Portada\",\"item\":\"https:\/\/eleggua.es\/blog\/\"},{\"@type\":\"ListItem\",\"position\":2,\"name\":\"Tienda esot\u00e9rica al por mayor\"}]}]}<\/script>\n<!-- \/ Yoast SEO plugin. -->","yoast_head_json":{"title":"Tienda esot\u00e9rica al por mayor - Eleggua","robots":{"index":"index","follow":"follow","max-snippet":"max-snippet:-1","max-image-preview":"max-image-preview:large","max-video-preview":"max-video-preview:-1"},"canonical":"https:\/\/eleggua.es\/blog\/tienda-esoterica-al-por-mayor\/","og_locale":"es_ES","og_type":"article","og_title":"Tienda esot\u00e9rica al por mayor - Eleggua","og_description":"[et_pb_section fb_built=\u00bb1&#8243; specialty=\u00bbon\u00bb _builder_version=\u00bb3.22.7&#8243; custom_padding=\u00bb22px||0px|||\u00bb][et_pb_column type=\u00bb1_3&#8243; _builder_version=\u00bb3.0.47&#8243;][et_pb_image src=\u00bbhttps:\/\/eleggua.es\/blog\/wp-content\/uploads\/2019\/05\/fondo-contenido3.jpg\u00bb disabled_on=\u00bbon|off|off\u00bb _builder_version=\u00bb3.22.7&#8243; width=\u00bb100%\u00bb custom_margin=\u00bb-53px|67px|-29px|-56px||\u00bb custom_padding=\u00bb0px|0px||0px||\u00bb][\/et_pb_image][\/et_pb_column][et_pb_column type=\u00bb2_3&#8243; specialty_columns=\u00bb2&#8243; _builder_version=\u00bb3.0.47&#8243;][et_pb_row_inner _builder_version=\u00bb3.22.7&#8243;][et_pb_column_inner type=\u00bb4_4&#8243; saved_specialty_column_type=\u00bb2_3&#8243; _builder_version=\u00bb3.0.47&#8243;][et_pb_text _builder_version=\u00bb3.22.7&#8243; text_font=\u00bb||||||||\u00bb text_text_color=\u00bb#900f3c\u00bb text_font_size=\u00bb18px\u00bb header_font=\u00bb||||||||\u00bb header_text_color=\u00bb#900f3c\u00bb header_font_size=\u00bb18px\u00bb header_line_height=\u00bb1.3em\u00bb] TIENDAS ESOT\u00c9RICAS MADRID [\/et_pb_text][\/et_pb_column_inner][\/et_pb_row_inner][et_pb_row_inner custom_padding=\u00bb|20px|37px|20px||\u00bb _builder_version=\u00bb3.22.7&#8243; background_image=\u00bbhttps:\/\/eleggua.es\/blog\/wp-content\/uploads\/2019\/05\/fondoferia.jpg\u00bb border_radii=\u00bbon|29px|29px|29px|29px\u00bb][et_pb_column_inner type=\u00bb4_4&#8243; saved_specialty_column_type=\u00bb2_3&#8243; _builder_version=\u00bb3.0.47&#8243;][et_pb_image src=\u00bbhttps:\/\/eleggua.es\/blog\/wp-content\/uploads\/2019\/05\/magic02.jpg\u00bb align=\u00bbcenter\u00bb _builder_version=\u00bb3.22.7&#8243; border_width_all=\u00bb3px\u00bb border_color_all=\u00bb#006633&#8243;][\/et_pb_image][et_pb_text _builder_version=\u00bb3.22.7&#8243; text_font=\u00bb||||||||\u00bb text_text_color=\u00bb#000000&#8243;] Consulte nuestra tienda online Eleggua.es pone a su [&hellip;]","og_url":"https:\/\/eleggua.es\/blog\/tienda-esoterica-al-por-mayor\/","og_site_name":"Eleggua","article_modified_time":"2019-06-04T09:50:25+00:00","twitter_card":"summary_large_image","twitter_misc":{"Tiempo de lectura":"2 minutos"},"schema":{"@context":"https:\/\/schema.org","@graph":[{"@type":"WebSite","@id":"https:\/\/eleggua.es\/blog\/#website","url":"https:\/\/eleggua.es\/blog\/","name":"Eleggua","description":"Tiendas de productos esot\u00e9ricos en Madrid y Barcelona. Tienda online de productos esotericos y de santeria al por mayor.","potentialAction":[{"@type":"SearchAction","target":{"@type":"EntryPoint","urlTemplate":"https:\/\/eleggua.es\/blog\/?s={search_term_string}"},"query-input":"required name=search_term_string"}],"inLanguage":"es"},{"@type":"WebPage","@id":"https:\/\/eleggua.es\/blog\/tienda-esoterica-al-por-mayor\/#webpage","url":"https:\/\/eleggua.es\/blog\/tienda-esoterica-al-por-mayor\/","name":"Tienda esot\u00e9rica al por mayor - Eleggua","isPartOf":{"@id":"https:\/\/eleggua.es\/blog\/#website"},"datePublished":"2019-06-04T09:48:34+00:00","dateModified":"2019-06-04T09:50:25+00:00","breadcrumb":{"@id":"https:\/\/eleggua.es\/blog\/tienda-esoterica-al-por-mayor\/#breadcrumb"},"inLanguage":"es","potentialAction":[{"@type":"ReadAction","target":["https:\/\/eleggua.es\/blog\/tienda-esoterica-al-por-mayor\/"]}]},{"@type":"BreadcrumbList","@id":"https:\/\/eleggua.es\/blog\/tienda-esoterica-al-por-mayor\/#breadcrumb","itemListElement":[{"@type":"ListItem","position":1,"name":"Portada","item":"https:\/\/eleggua.es\/blog\/"},{"@type":"ListItem","position":2,"name":"Tienda esot\u00e9rica al por mayor"}]}]}},"_links":{"self":[{"href":"https:\/\/eleggua.es\/blog\/wp-json\/wp\/v2\/pages\/434"}],"collection":[{"href":"https:\/\/eleggua.es\/blog\/wp-json\/wp\/v2\/pages"}],"about":[{"href":"https:\/\/eleggua.es\/blog\/wp-json\/wp\/v2\/types\/page"}],"author":[{"embeddable":true,"href":"https:\/\/eleggua.es\/blog\/wp-json\/wp\/v2\/users\/1"}],"replies":[{"embeddable":true,"href":"https:\/\/eleggua.es\/blog\/wp-json\/wp\/v2\/comments?post=434"}],"version-history":[{"count":2,"href":"https:\/\/eleggua.es\/blog\/wp-json\/wp\/v2\/pages\/434\/revisions"}],"predecessor-version":[{"id":437,"href":"https:\/\/eleggua.es\/blog\/wp-json\/wp\/v2\/pages\/434\/revisions\/437"}],"wp:attachment":[{"href":"https:\/\/eleggua.es\/blog\/wp-json\/wp\/v2\/media?parent=434"}],"curies":[{"name":"wp","href":"https:\/\/api.w.org\/{rel}","templated":true}]}}