{"id":301,"date":"2019-06-03T13:24:29","date_gmt":"2019-06-03T13:24:29","guid":{"rendered":"https:\/\/eleggua.es\/blog\/?page_id=301"},"modified":"2019-06-04T11:13:33","modified_gmt":"2019-06-04T11:13:33","slug":"eleggua-asturias","status":"publish","type":"page","link":"https:\/\/eleggua.es\/blog\/eleggua-asturias\/","title":{"rendered":"Eleggua Asturias"},"content":{"rendered":"\n[et_pb_section fb_built=\u00bb1&#8243; specialty=\u00bbon\u00bb _builder_version=\u00bb3.22.7&#8243; custom_padding=\u00bb0px||0px|||\u00bb][et_pb_column type=\u00bb1_3&#8243; _builder_version=\u00bb3.0.47&#8243;][et_pb_image src=\u00bbhttps:\/\/eleggua.es\/blog\/wp-content\/uploads\/2019\/05\/fondo-contenido3.jpg\u00bb disabled_on=\u00bbon|on|off\u00bb _builder_version=\u00bb3.22.7&#8243; custom_margin=\u00bb-30px|52px|-30px|-56px||\u00bb][\/et_pb_image][\/et_pb_column][et_pb_column type=\u00bb2_3&#8243; specialty_columns=\u00bb2&#8243; _builder_version=\u00bb3.0.47&#8243;][et_pb_row_inner _builder_version=\u00bb3.22.7&#8243;][et_pb_column_inner type=\u00bb4_4&#8243; saved_specialty_column_type=\u00bb2_3&#8243; _builder_version=\u00bb3.0.47&#8243;][et_pb_text _builder_version=\u00bb3.22.7&#8243; text_font=\u00bb|700|||||||\u00bb text_text_color=\u00bb#900f3c\u00bb text_font_size=\u00bb18px\u00bb]<div id=\"titulo\" style=\"text-align: center;\">NUESTRAS TIENDAS<\/div>[\/et_pb_text][\/et_pb_column_inner][\/et_pb_row_inner][et_pb_row_inner custom_padding=\u00bb|20px|78px|20px||\u00bb disabled_on=\u00bboff|off|off\u00bb _builder_version=\u00bb3.22.7&#8243; background_image=\u00bbhttps:\/\/eleggua.es\/blog\/wp-content\/uploads\/2019\/05\/fondoferia.jpg\u00bb background_position=\u00bbtop_center\u00bb border_radii=\u00bbon|29px|29px|29px|29px\u00bb][et_pb_column_inner type=\u00bb4_4&#8243; saved_specialty_column_type=\u00bb2_3&#8243; _builder_version=\u00bb3.0.47&#8243;][et_pb_text _builder_version=\u00bb3.22.7&#8243; text_font=\u00bb|700|||||||\u00bb text_text_color=\u00bb#ffff00&#8243; text_font_size=\u00bb44px\u00bb box_shadow_position=\u00bbouter\u00bb text_orientation=\u00bbcenter\u00bb custom_margin=\u00bb22px||35px|||\u00bb custom_padding=\u00bb|0px||0px||\u00bb text_line_height=\u00bb1.6em\u00bb]Eleggua Asturias[\/et_pb_text][et_pb_code _builder_version=\u00bb3.22.7&#8243;]<iframe loading=\"lazy\" src=\"https:\/\/www.google.com\/maps\/embed?pb=!1m18!1m12!1m3!1d2892.398758160748!2d-5.662465384619442!3d43.535729079125474!2m3!1f0!2f0!3f0!3m2!1i1024!2i768!4f13.1!3m3!1m2!1s0xd367c89e7571297%3A0x21a00b29feccbf3d!2sCalle+Juan+XXIII%2C+7%2C+33205+Gij%C3%B3n%2C+Asturias!5e0!3m2!1ses!2ses!4v1559568503384!5m2!1ses!2ses\" width=\"600\" height=\"450\" frameborder=\"0\" style=\"border:0\" allowfullscreen><\/iframe>[\/et_pb_code][\/et_pb_column_inner][\/et_pb_row_inner][\/et_pb_column][\/et_pb_section]\n","protected":false},"excerpt":{"rendered":"","protected":false},"author":1,"featured_media":0,"parent":0,"menu_order":0,"comment_status":"closed","ping_status":"closed","template":"","meta":{"_et_pb_use_builder":"on","_et_pb_old_content":""},"yoast_head":"<!-- This site is optimized with the Yoast SEO plugin v19.1 - https:\/\/yoast.com\/wordpress\/plugins\/seo\/ -->\n<title>Eleggua.es - tienda de productos esot\u00e9ricos y art\u00edculos de santer\u00eda, On-line, Madrid y Barcelona<\/title>\n<meta name=\"description\" content=\"Eleggua.es, tienda especialista en productos esot\u00e9ricos y art\u00edculos de santer\u00eda, On-line, Madrid y Barcelona\" \/>\n<meta name=\"robots\" content=\"index, follow, max-snippet:-1, max-image-preview:large, max-video-preview:-1\" \/>\n<link rel=\"canonical\" href=\"https:\/\/eleggua.es\/blog\/eleggua-asturias\/\" \/>\n<meta property=\"og:locale\" content=\"es_ES\" \/>\n<meta property=\"og:type\" content=\"article\" \/>\n<meta property=\"og:title\" content=\"Eleggua.es - tienda de productos esot\u00e9ricos y art\u00edculos de santer\u00eda, On-line, Madrid y Barcelona\" \/>\n<meta property=\"og:description\" content=\"Eleggua.es, tienda especialista en productos esot\u00e9ricos y art\u00edculos de santer\u00eda, On-line, Madrid y Barcelona\" \/>\n<meta property=\"og:url\" content=\"https:\/\/eleggua.es\/blog\/eleggua-asturias\/\" \/>\n<meta property=\"og:site_name\" content=\"Eleggua\" \/>\n<meta property=\"article:modified_time\" content=\"2019-06-04T11:13:33+00:00\" \/>\n<meta name=\"twitter:card\" content=\"summary_large_image\" \/>\n<meta name=\"twitter:label1\" content=\"Tiempo de lectura\" \/>\n\t<meta name=\"twitter:data1\" content=\"1 minuto\" \/>\n<script type=\"application\/ld+json\" class=\"yoast-schema-graph\">{\"@context\":\"https:\/\/schema.org\",\"@graph\":[{\"@type\":\"WebSite\",\"@id\":\"https:\/\/eleggua.es\/blog\/#website\",\"url\":\"https:\/\/eleggua.es\/blog\/\",\"name\":\"Eleggua\",\"description\":\"Tiendas de productos esot\u00e9ricos en Madrid y Barcelona. Tienda online de productos esotericos y de santeria al por mayor.\",\"potentialAction\":[{\"@type\":\"SearchAction\",\"target\":{\"@type\":\"EntryPoint\",\"urlTemplate\":\"https:\/\/eleggua.es\/blog\/?s={search_term_string}\"},\"query-input\":\"required name=search_term_string\"}],\"inLanguage\":\"es\"},{\"@type\":\"WebPage\",\"@id\":\"https:\/\/eleggua.es\/blog\/eleggua-asturias\/#webpage\",\"url\":\"https:\/\/eleggua.es\/blog\/eleggua-asturias\/\",\"name\":\"Eleggua.es - tienda de productos esot\u00e9ricos y art\u00edculos de santer\u00eda, On-line, Madrid y Barcelona\",\"isPartOf\":{\"@id\":\"https:\/\/eleggua.es\/blog\/#website\"},\"datePublished\":\"2019-06-03T13:24:29+00:00\",\"dateModified\":\"2019-06-04T11:13:33+00:00\",\"description\":\"Eleggua.es, tienda especialista en productos esot\u00e9ricos y art\u00edculos de santer\u00eda, On-line, Madrid y Barcelona\",\"breadcrumb\":{\"@id\":\"https:\/\/eleggua.es\/blog\/eleggua-asturias\/#breadcrumb\"},\"inLanguage\":\"es\",\"potentialAction\":[{\"@type\":\"ReadAction\",\"target\":[\"https:\/\/eleggua.es\/blog\/eleggua-asturias\/\"]}]},{\"@type\":\"BreadcrumbList\",\"@id\":\"https:\/\/eleggua.es\/blog\/eleggua-asturias\/#breadcrumb\",\"itemListElement\":[{\"@type\":\"ListItem\",\"position\":1,\"name\":\"Portada\",\"item\":\"https:\/\/eleggua.es\/blog\/\"},{\"@type\":\"ListItem\",\"position\":2,\"name\":\"Eleggua Asturias\"}]}]}<\/script>\n<!-- \/ Yoast SEO plugin. -->","yoast_head_json":{"title":"Eleggua.es - tienda de productos esot\u00e9ricos y art\u00edculos de santer\u00eda, On-line, Madrid y Barcelona","description":"Eleggua.es, tienda especialista en productos esot\u00e9ricos y art\u00edculos de santer\u00eda, On-line, Madrid y Barcelona","robots":{"index":"index","follow":"follow","max-snippet":"max-snippet:-1","max-image-preview":"max-image-preview:large","max-video-preview":"max-video-preview:-1"},"canonical":"https:\/\/eleggua.es\/blog\/eleggua-asturias\/","og_locale":"es_ES","og_type":"article","og_title":"Eleggua.es - tienda de productos esot\u00e9ricos y art\u00edculos de santer\u00eda, On-line, Madrid y Barcelona","og_description":"Eleggua.es, tienda especialista en productos esot\u00e9ricos y art\u00edculos de santer\u00eda, On-line, Madrid y Barcelona","og_url":"https:\/\/eleggua.es\/blog\/eleggua-asturias\/","og_site_name":"Eleggua","article_modified_time":"2019-06-04T11:13:33+00:00","twitter_card":"summary_large_image","twitter_misc":{"Tiempo de lectura":"1 minuto"},"schema":{"@context":"https:\/\/schema.org","@graph":[{"@type":"WebSite","@id":"https:\/\/eleggua.es\/blog\/#website","url":"https:\/\/eleggua.es\/blog\/","name":"Eleggua","description":"Tiendas de productos esot\u00e9ricos en Madrid y Barcelona. Tienda online de productos esotericos y de santeria al por mayor.","potentialAction":[{"@type":"SearchAction","target":{"@type":"EntryPoint","urlTemplate":"https:\/\/eleggua.es\/blog\/?s={search_term_string}"},"query-input":"required name=search_term_string"}],"inLanguage":"es"},{"@type":"WebPage","@id":"https:\/\/eleggua.es\/blog\/eleggua-asturias\/#webpage","url":"https:\/\/eleggua.es\/blog\/eleggua-asturias\/","name":"Eleggua.es - tienda de productos esot\u00e9ricos y art\u00edculos de santer\u00eda, On-line, Madrid y Barcelona","isPartOf":{"@id":"https:\/\/eleggua.es\/blog\/#website"},"datePublished":"2019-06-03T13:24:29+00:00","dateModified":"2019-06-04T11:13:33+00:00","description":"Eleggua.es, tienda especialista en productos esot\u00e9ricos y art\u00edculos de santer\u00eda, On-line, Madrid y Barcelona","breadcrumb":{"@id":"https:\/\/eleggua.es\/blog\/eleggua-asturias\/#breadcrumb"},"inLanguage":"es","potentialAction":[{"@type":"ReadAction","target":["https:\/\/eleggua.es\/blog\/eleggua-asturias\/"]}]},{"@type":"BreadcrumbList","@id":"https:\/\/eleggua.es\/blog\/eleggua-asturias\/#breadcrumb","itemListElement":[{"@type":"ListItem","position":1,"name":"Portada","item":"https:\/\/eleggua.es\/blog\/"},{"@type":"ListItem","position":2,"name":"Eleggua Asturias"}]}]}},"_links":{"self":[{"href":"https:\/\/eleggua.es\/blog\/wp-json\/wp\/v2\/pages\/301"}],"collection":[{"href":"https:\/\/eleggua.es\/blog\/wp-json\/wp\/v2\/pages"}],"about":[{"href":"https:\/\/eleggua.es\/blog\/wp-json\/wp\/v2\/types\/page"}],"author":[{"embeddable":true,"href":"https:\/\/eleggua.es\/blog\/wp-json\/wp\/v2\/users\/1"}],"replies":[{"embeddable":true,"href":"https:\/\/eleggua.es\/blog\/wp-json\/wp\/v2\/comments?post=301"}],"version-history":[{"count":6,"href":"https:\/\/eleggua.es\/blog\/wp-json\/wp\/v2\/pages\/301\/revisions"}],"predecessor-version":[{"id":481,"href":"https:\/\/eleggua.es\/blog\/wp-json\/wp\/v2\/pages\/301\/revisions\/481"}],"wp:attachment":[{"href":"https:\/\/eleggua.es\/blog\/wp-json\/wp\/v2\/media?parent=301"}],"curies":[{"name":"wp","href":"https:\/\/api.w.org\/{rel}","templated":true}]}}