{"id":19,"date":"2019-05-22T11:49:58","date_gmt":"2019-05-22T11:49:58","guid":{"rendered":"https:\/\/eleggua.es\/blog\/?page_id=19"},"modified":"2023-10-17T10:35:01","modified_gmt":"2023-10-17T08:35:01","slug":"nuestras-tiendas","status":"publish","type":"page","link":"https:\/\/eleggua.es\/blog\/nuestras-tiendas\/","title":{"rendered":"Nuestras tiendas"},"content":{"rendered":"<p>[et_pb_section fb_built=\u00bb1&#8243; specialty=\u00bbon\u00bb _builder_version=\u00bb3.22.7&#8243; custom_padding=\u00bb0px||0px|||\u00bb][et_pb_column type=\u00bb1_3&#8243; _builder_version=\u00bb3.0.47&#8243;][et_pb_image src=\u00bbhttps:\/\/eleggua.es\/blog\/wp-content\/uploads\/2019\/05\/fondo-contenido3.jpg\u00bb alt=\u00bbEleggua tienda de esoterismo en Madrid y Barcelona\u00bb align_tablet=\u00bbcenter\u00bb align_last_edited=\u00bbon|desktop\u00bb disabled_on=\u00bbon|on|off\u00bb _builder_version=\u00bb3.23&#8243; custom_margin=\u00bb-30px|52px|-30px|-56px||\u00bb][\/et_pb_image][\/et_pb_column][et_pb_column type=\u00bb2_3&#8243; specialty_columns=\u00bb2&#8243; _builder_version=\u00bb3.0.47&#8243;][et_pb_row_inner _builder_version=\u00bb3.22.7&#8243;][et_pb_column_inner type=\u00bb4_4&#8243; saved_specialty_column_type=\u00bb2_3&#8243; _builder_version=\u00bb3.0.47&#8243;][et_pb_text _builder_version=\u00bb3.22.7&#8243; text_font=\u00bb|700|||||||\u00bb text_text_color=\u00bb#900f3c\u00bb text_font_size=\u00bb18px\u00bb header_font=\u00bb||||||||\u00bb header_text_color=\u00bb#900f3c\u00bb header_font_size=\u00bb18px\u00bb]<\/p>\n<h1 id=\"titulo\" style=\"text-align: center;\"><strong>NUESTRAS TIENDAS<\/strong><\/h1>\n<p>[\/et_pb_text][\/et_pb_column_inner][\/et_pb_row_inner][et_pb_row_inner custom_padding=\u00bb|20px|78px|20px||\u00bb disabled_on=\u00bbon|on|off\u00bb _builder_version=\u00bb3.22.7&#8243; background_image=\u00bbhttps:\/\/eleggua.es\/blog\/wp-content\/uploads\/2019\/05\/fondoferia.jpg\u00bb background_position=\u00bbtop_center\u00bb border_radii=\u00bbon|29px|29px|29px|29px\u00bb][et_pb_column_inner type=\u00bb1_2&#8243; saved_specialty_column_type=\u00bb2_3&#8243; _builder_version=\u00bb3.0.47&#8243;][et_pb_text _builder_version=\u00bb3.22.7&#8243; text_font=\u00bb|700|||||||\u00bb text_text_color=\u00bb#ffff00&#8243; text_font_size=\u00bb44px\u00bb text_orientation=\u00bbcenter\u00bb custom_margin=\u00bb22px||35px|||\u00bb custom_padding=\u00bb|0px||0px||\u00bb][\/et_pb_text][et_pb_image src=\u00bbhttps:\/\/eleggua.es\/blog\/wp-content\/uploads\/2019\/06\/almacen.jpg\u00bb alt=\u00bbAlmac\u00e9n Eleggua\u00bb align_tablet=\u00bbcenter\u00bb align_last_edited=\u00bbon|desktop\u00bb _builder_version=\u00bb3.23&#8243; custom_margin=\u00bb68px||49px|||\u00bb custom_padding=\u00bb|76px||||\u00bb][\/et_pb_image][et_pb_image src=\u00bbhttps:\/\/eleggua.es\/blog\/wp-content\/uploads\/2019\/06\/centro-barcelona.jpg\u00bb alt=\u00bbCentro esot\u00e9rico en Barcelona Eleggua\u00bb align_tablet=\u00bbcenter\u00bb align_last_edited=\u00bbon|desktop\u00bb _builder_version=\u00bb3.23&#8243; custom_padding=\u00bb|76px||||\u00bb][\/et_pb_image][et_pb_image src=\u00bbhttps:\/\/eleggua.es\/blog\/wp-content\/uploads\/2019\/06\/centro-madrid.jpg\u00bb alt=\u00bbTienda esot\u00e9rica en Madrid Eleggua\u00bb align_tablet=\u00bbcenter\u00bb align_last_edited=\u00bbon|desktop\u00bb _builder_version=\u00bb3.23&#8243; custom_padding=\u00bb|76px||||\u00bb][\/et_pb_image][\/et_pb_column_inner][et_pb_column_inner type=\u00bb1_2&#8243; saved_specialty_column_type=\u00bb2_3&#8243; _builder_version=\u00bb3.0.47&#8243;][et_pb_text _builder_version=\u00bb3.22.7&#8243; text_font=\u00bb||||||||\u00bb text_text_color=\u00bb#000000&#8243; text_line_height=\u00bb1.8em\u00bb custom_margin=\u00bb68px|||-120px||\u00bb custom_padding=\u00bb2px|||||\u00bb]<\/p>\n<p><strong style=\"font-size: 18px; color: #fff; text-align: left; font-weight: bold; margin-bottom: 10px; text-shadow: 2px 2px #000;\">ELEGGUA ASTURIAS<\/strong> <strong>(Sede Central)<\/strong><br \/>\nCalle de Gustave Eiffel,72 Pol. Roces 33211 Gij\u00f3n<br \/>\nTel. 985 394 991 &#8211; 664 672 728 Fax 985 395 040<br \/>\n<a href=\"mailto:info@eleggua.es\">info@eleggua.es<\/a><br \/>\nVENTA AL MAYOR &#8211; VENTA AL P\u00daBLICO &#8211; CASH &amp; CARRY<br \/>\n<a href=\"\/eleggua-asturias\/\"><strong>&gt;&gt;Pulsa aqu\u00ed para ver el mapa&lt;&lt;<\/strong><\/a><\/p>\n<p>[\/et_pb_text][et_pb_text _builder_version=\u00bb3.22.7&#8243; text_font=\u00bb||||||||\u00bb text_text_color=\u00bb#000000&#8243; text_line_height=\u00bb1.8em\u00bb custom_margin=\u00bb1px|||-120px||\u00bb custom_padding=\u00bb2px|||||\u00bb]<\/p>\n<p><strong style=\"font-size: 18px; color: #fff; text-align: left; font-weight: bold; margin-bottom: 10px; text-shadow: 2px 2px #000;\">ELEGGUA MADRID<\/strong><br \/>\nPaz, 6 &#8211; 28012 Madrid<br \/>\nTel. 915 318 140 &#8211; 628 629 538<br \/>\n<a href=\"mailto:madrid@eleggua.es\">madrid@eleggua.es<\/a><br \/>\nVENTA AL MAYOR &#8211; VENTA AL P\u00daBLICO &#8211; CASH &amp; CARRY<br \/>\n<a href=\"\/eleggua-madrid\/\"><strong>&gt;&gt;Pulsa aqu\u00ed para ver el mapa y fotos &lt;&lt;<\/strong><\/a><\/p>\n<p>[\/et_pb_text][\/et_pb_column_inner][\/et_pb_row_inner][et_pb_row_inner custom_padding=\u00bb|20px|78px|20px||\u00bb disabled_on=\u00bboff|off|on\u00bb _builder_version=\u00bb3.22.7&#8243; background_image=\u00bbhttps:\/\/eleggua.es\/blog\/wp-content\/uploads\/2019\/05\/fondoferia.jpg\u00bb background_position=\u00bbtop_center\u00bb border_radii=\u00bbon|29px|29px|29px|29px\u00bb][et_pb_column_inner type=\u00bb4_4&#8243; saved_specialty_column_type=\u00bb2_3&#8243; _builder_version=\u00bb3.0.47&#8243;][et_pb_text _builder_version=\u00bb3.22.7&#8243; text_font=\u00bb|700|||||||\u00bb text_text_color=\u00bb#ffff00&#8243; text_font_size=\u00bb44px\u00bb text_orientation=\u00bbcenter\u00bb custom_margin=\u00bb22px||35px|||\u00bb custom_padding=\u00bb|0px||0px||\u00bb][\/et_pb_text][et_pb_text _builder_version=\u00bb3.22.7&#8243;]<\/p>\n","protected":false},"excerpt":{"rendered":"<p>[et_pb_section fb_built=\u00bb1&#8243; specialty=\u00bbon\u00bb _builder_version=\u00bb3.22.7&#8243; custom_padding=\u00bb0px||0px|||\u00bb][et_pb_column type=\u00bb1_3&#8243; _builder_version=\u00bb3.0.47&#8243;][et_pb_image src=\u00bbhttps:\/\/eleggua.es\/blog\/wp-content\/uploads\/2019\/05\/fondo-contenido3.jpg\u00bb alt=\u00bbEleggua tienda de esoterismo en Madrid y Barcelona\u00bb align_tablet=\u00bbcenter\u00bb align_last_edited=\u00bbon|desktop\u00bb disabled_on=\u00bbon|on|off\u00bb _builder_version=\u00bb3.23&#8243; custom_margin=\u00bb-30px|52px|-30px|-56px||\u00bb][\/et_pb_image][\/et_pb_column][et_pb_column type=\u00bb2_3&#8243; specialty_columns=\u00bb2&#8243; _builder_version=\u00bb3.0.47&#8243;][et_pb_row_inner _builder_version=\u00bb3.22.7&#8243;][et_pb_column_inner type=\u00bb4_4&#8243; saved_specialty_column_type=\u00bb2_3&#8243; _builder_version=\u00bb3.0.47&#8243;][et_pb_text _builder_version=\u00bb3.22.7&#8243; text_font=\u00bb|700|||||||\u00bb text_text_color=\u00bb#900f3c\u00bb text_font_size=\u00bb18px\u00bb header_font=\u00bb||||||||\u00bb header_text_color=\u00bb#900f3c\u00bb header_font_size=\u00bb18px\u00bb] NUESTRAS TIENDAS [\/et_pb_text][\/et_pb_column_inner][\/et_pb_row_inner][et_pb_row_inner custom_padding=\u00bb|20px|78px|20px||\u00bb disabled_on=\u00bbon|on|off\u00bb _builder_version=\u00bb3.22.7&#8243; background_image=\u00bbhttps:\/\/eleggua.es\/blog\/wp-content\/uploads\/2019\/05\/fondoferia.jpg\u00bb background_position=\u00bbtop_center\u00bb border_radii=\u00bbon|29px|29px|29px|29px\u00bb][et_pb_column_inner type=\u00bb1_2&#8243; saved_specialty_column_type=\u00bb2_3&#8243; _builder_version=\u00bb3.0.47&#8243;][et_pb_text _builder_version=\u00bb3.22.7&#8243; text_font=\u00bb|700|||||||\u00bb text_text_color=\u00bb#ffff00&#8243; text_font_size=\u00bb44px\u00bb text_orientation=\u00bbcenter\u00bb custom_margin=\u00bb22px||35px|||\u00bb custom_padding=\u00bb|0px||0px||\u00bb][\/et_pb_text][et_pb_image src=\u00bbhttps:\/\/eleggua.es\/blog\/wp-content\/uploads\/2019\/06\/almacen.jpg\u00bb [&hellip;]<\/p>\n","protected":false},"author":1,"featured_media":0,"parent":0,"menu_order":0,"comment_status":"closed","ping_status":"closed","template":"","meta":{"_et_pb_use_builder":"on","_et_pb_old_content":"<!-- wp:divi\/placeholder \/-->"},"yoast_head":"<!-- This site is optimized with the Yoast SEO plugin v19.1 - https:\/\/yoast.com\/wordpress\/plugins\/seo\/ -->\n<title>Eleggua.es - tienda de productos esot\u00e9ricos y art\u00edculos de santer\u00eda, On-line, Madrid y Barcelona.<\/title>\n<meta name=\"description\" content=\"Eleggua.es, tienda especialista en productos esot\u00e9ricos y art\u00edculos de santer\u00eda, On-line, Madrid y Barcelona\" \/>\n<meta name=\"robots\" content=\"index, follow, max-snippet:-1, max-image-preview:large, max-video-preview:-1\" \/>\n<link rel=\"canonical\" href=\"https:\/\/eleggua.es\/blog\/nuestras-tiendas\/\" \/>\n<meta property=\"og:locale\" content=\"es_ES\" \/>\n<meta property=\"og:type\" content=\"article\" \/>\n<meta property=\"og:title\" content=\"Eleggua.es - tienda de productos esot\u00e9ricos y art\u00edculos de santer\u00eda, On-line, Madrid y Barcelona.\" \/>\n<meta property=\"og:description\" content=\"Eleggua.es, tienda especialista en productos esot\u00e9ricos y art\u00edculos de santer\u00eda, On-line, Madrid y Barcelona\" \/>\n<meta property=\"og:url\" content=\"https:\/\/eleggua.es\/blog\/nuestras-tiendas\/\" \/>\n<meta property=\"og:site_name\" content=\"Eleggua\" \/>\n<meta property=\"article:modified_time\" content=\"2023-10-17T08:35:01+00:00\" \/>\n<meta name=\"twitter:card\" content=\"summary_large_image\" \/>\n<meta name=\"twitter:label1\" content=\"Tiempo de lectura\" \/>\n\t<meta name=\"twitter:data1\" content=\"1 minuto\" \/>\n<script type=\"application\/ld+json\" class=\"yoast-schema-graph\">{\"@context\":\"https:\/\/schema.org\",\"@graph\":[{\"@type\":\"WebSite\",\"@id\":\"https:\/\/eleggua.es\/blog\/#website\",\"url\":\"https:\/\/eleggua.es\/blog\/\",\"name\":\"Eleggua\",\"description\":\"Tiendas de productos esot\u00e9ricos en Madrid y Barcelona. Tienda online de productos esotericos y de santeria al por mayor.\",\"potentialAction\":[{\"@type\":\"SearchAction\",\"target\":{\"@type\":\"EntryPoint\",\"urlTemplate\":\"https:\/\/eleggua.es\/blog\/?s={search_term_string}\"},\"query-input\":\"required name=search_term_string\"}],\"inLanguage\":\"es\"},{\"@type\":\"WebPage\",\"@id\":\"https:\/\/eleggua.es\/blog\/nuestras-tiendas\/#webpage\",\"url\":\"https:\/\/eleggua.es\/blog\/nuestras-tiendas\/\",\"name\":\"Eleggua.es - tienda de productos esot\u00e9ricos y art\u00edculos de santer\u00eda, On-line, Madrid y Barcelona.\",\"isPartOf\":{\"@id\":\"https:\/\/eleggua.es\/blog\/#website\"},\"datePublished\":\"2019-05-22T11:49:58+00:00\",\"dateModified\":\"2023-10-17T08:35:01+00:00\",\"description\":\"Eleggua.es, tienda especialista en productos esot\u00e9ricos y art\u00edculos de santer\u00eda, On-line, Madrid y Barcelona\",\"breadcrumb\":{\"@id\":\"https:\/\/eleggua.es\/blog\/nuestras-tiendas\/#breadcrumb\"},\"inLanguage\":\"es\",\"potentialAction\":[{\"@type\":\"ReadAction\",\"target\":[\"https:\/\/eleggua.es\/blog\/nuestras-tiendas\/\"]}]},{\"@type\":\"BreadcrumbList\",\"@id\":\"https:\/\/eleggua.es\/blog\/nuestras-tiendas\/#breadcrumb\",\"itemListElement\":[{\"@type\":\"ListItem\",\"position\":1,\"name\":\"Portada\",\"item\":\"https:\/\/eleggua.es\/blog\/\"},{\"@type\":\"ListItem\",\"position\":2,\"name\":\"Nuestras tiendas\"}]}]}<\/script>\n<!-- \/ Yoast SEO plugin. -->","yoast_head_json":{"title":"Eleggua.es - tienda de productos esot\u00e9ricos y art\u00edculos de santer\u00eda, On-line, Madrid y Barcelona.","description":"Eleggua.es, tienda especialista en productos esot\u00e9ricos y art\u00edculos de santer\u00eda, On-line, Madrid y Barcelona","robots":{"index":"index","follow":"follow","max-snippet":"max-snippet:-1","max-image-preview":"max-image-preview:large","max-video-preview":"max-video-preview:-1"},"canonical":"https:\/\/eleggua.es\/blog\/nuestras-tiendas\/","og_locale":"es_ES","og_type":"article","og_title":"Eleggua.es - tienda de productos esot\u00e9ricos y art\u00edculos de santer\u00eda, On-line, Madrid y Barcelona.","og_description":"Eleggua.es, tienda especialista en productos esot\u00e9ricos y art\u00edculos de santer\u00eda, On-line, Madrid y Barcelona","og_url":"https:\/\/eleggua.es\/blog\/nuestras-tiendas\/","og_site_name":"Eleggua","article_modified_time":"2023-10-17T08:35:01+00:00","twitter_card":"summary_large_image","twitter_misc":{"Tiempo de lectura":"1 minuto"},"schema":{"@context":"https:\/\/schema.org","@graph":[{"@type":"WebSite","@id":"https:\/\/eleggua.es\/blog\/#website","url":"https:\/\/eleggua.es\/blog\/","name":"Eleggua","description":"Tiendas de productos esot\u00e9ricos en Madrid y Barcelona. Tienda online de productos esotericos y de santeria al por mayor.","potentialAction":[{"@type":"SearchAction","target":{"@type":"EntryPoint","urlTemplate":"https:\/\/eleggua.es\/blog\/?s={search_term_string}"},"query-input":"required name=search_term_string"}],"inLanguage":"es"},{"@type":"WebPage","@id":"https:\/\/eleggua.es\/blog\/nuestras-tiendas\/#webpage","url":"https:\/\/eleggua.es\/blog\/nuestras-tiendas\/","name":"Eleggua.es - tienda de productos esot\u00e9ricos y art\u00edculos de santer\u00eda, On-line, Madrid y Barcelona.","isPartOf":{"@id":"https:\/\/eleggua.es\/blog\/#website"},"datePublished":"2019-05-22T11:49:58+00:00","dateModified":"2023-10-17T08:35:01+00:00","description":"Eleggua.es, tienda especialista en productos esot\u00e9ricos y art\u00edculos de santer\u00eda, On-line, Madrid y Barcelona","breadcrumb":{"@id":"https:\/\/eleggua.es\/blog\/nuestras-tiendas\/#breadcrumb"},"inLanguage":"es","potentialAction":[{"@type":"ReadAction","target":["https:\/\/eleggua.es\/blog\/nuestras-tiendas\/"]}]},{"@type":"BreadcrumbList","@id":"https:\/\/eleggua.es\/blog\/nuestras-tiendas\/#breadcrumb","itemListElement":[{"@type":"ListItem","position":1,"name":"Portada","item":"https:\/\/eleggua.es\/blog\/"},{"@type":"ListItem","position":2,"name":"Nuestras tiendas"}]}]}},"_links":{"self":[{"href":"https:\/\/eleggua.es\/blog\/wp-json\/wp\/v2\/pages\/19"}],"collection":[{"href":"https:\/\/eleggua.es\/blog\/wp-json\/wp\/v2\/pages"}],"about":[{"href":"https:\/\/eleggua.es\/blog\/wp-json\/wp\/v2\/types\/page"}],"author":[{"embeddable":true,"href":"https:\/\/eleggua.es\/blog\/wp-json\/wp\/v2\/users\/1"}],"replies":[{"embeddable":true,"href":"https:\/\/eleggua.es\/blog\/wp-json\/wp\/v2\/comments?post=19"}],"version-history":[{"count":24,"href":"https:\/\/eleggua.es\/blog\/wp-json\/wp\/v2\/pages\/19\/revisions"}],"predecessor-version":[{"id":2051,"href":"https:\/\/eleggua.es\/blog\/wp-json\/wp\/v2\/pages\/19\/revisions\/2051"}],"wp:attachment":[{"href":"https:\/\/eleggua.es\/blog\/wp-json\/wp\/v2\/media?parent=19"}],"curies":[{"name":"wp","href":"https:\/\/api.w.org\/{rel}","templated":true}]}}