{"id":17,"date":"2019-05-22T11:49:46","date_gmt":"2019-05-22T11:49:46","guid":{"rendered":"https:\/\/eleggua.es\/blog\/?page_id=17"},"modified":"2020-02-11T10:50:16","modified_gmt":"2020-02-11T09:50:16","slug":"alta-clientes","status":"publish","type":"page","link":"https:\/\/eleggua.es\/blog\/alta-clientes\/","title":{"rendered":"Alta clientes"},"content":{"rendered":"<p>[et_pb_section fb_built=\u00bb1&#8243; specialty=\u00bbon\u00bb _builder_version=\u00bb3.22.7&#8243; custom_padding=\u00bb||0px|||\u00bb][et_pb_column type=\u00bb1_3&#8243; _builder_version=\u00bb3.0.47&#8243;][et_pb_image src=\u00bbhttps:\/\/eleggua.es\/blog\/wp-content\/uploads\/2019\/05\/fondo-contenido3.jpg\u00bb alt=\u00bbEleggua tienda de esoterismo en Madrid y Barcelona\u00bb align_tablet=\u00bbcenter\u00bb align_last_edited=\u00bbon|desktop\u00bb disabled_on=\u00bbon|off|off\u00bb _builder_version=\u00bb3.23&#8243; width=\u00bb102.3%\u00bb min_height=\u00bb1086px\u00bb custom_margin=\u00bb-77px|-19px|-30px|-56px||\u00bb custom_padding=\u00bb0px|0px||||\u00bb][\/et_pb_image][\/et_pb_column][et_pb_column type=\u00bb2_3&#8243; specialty_columns=\u00bb2&#8243; _builder_version=\u00bb3.0.47&#8243;][et_pb_row_inner custom_padding=\u00bb||20px|||\u00bb _builder_version=\u00bb3.22.7&#8243; custom_margin=\u00bb-50px|||-41px||\u00bb][et_pb_column_inner type=\u00bb4_4&#8243; saved_specialty_column_type=\u00bb2_3&#8243; _builder_version=\u00bb3.0.47&#8243;][et_pb_text _builder_version=\u00bb3.22.7&#8243; text_font=\u00bb|700|||||||\u00bb text_text_color=\u00bb#900f3c\u00bb text_font_size=\u00bb18px\u00bb header_font=\u00bb||||||||\u00bb header_text_color=\u00bb#900f3c\u00bb header_font_size=\u00bb18px\u00bb]<\/p>\n<h1 id=\"titulo2\" style=\"text-align: center;\"><strong>DARSE DE ALTA<\/strong><\/h1>\n<p>[\/et_pb_text][\/et_pb_column_inner][\/et_pb_row_inner][et_pb_row_inner custom_padding=\u00bb0px||7px|||\u00bb _builder_version=\u00bb3.22.7&#8243; width=\u00bb105.1%\u00bb custom_margin=\u00bb|-25px|-11px|||\u00bb][et_pb_column_inner type=\u00bb4_4&#8243; saved_specialty_column_type=\u00bb2_3&#8243; _builder_version=\u00bb3.0.47&#8243;][et_pb_text _builder_version=\u00bb3.22.7&#8243; text_font=\u00bb||||||||\u00bb custom_margin=\u00bb||25px|-38px||\u00bb custom_margin_phone=\u00bb|10px||10px\u00bb custom_margin_last_edited=\u00bbon|phone\u00bb custom_padding=\u00bb|0px||||\u00bb]<\/p>\n<div id=\"texto\">Le invitamos, como profesional del sector esot\u00e9rico, a visitar nuestra web. Si est\u00e1 interesado en trabajar con nosotros, facil\u00edtenos los datos que en el formulario de abajo le indicamos para poder darle de alta como cliente nuestro. Una vez recibidos dichos datos nos pondremos en contacto con usted para indicarle el nombre de usuario y la contrase\u00f1a con la que podr\u00e1 acceder a la<span>\u00a0<\/span><strong>tienda online para mayoristas<\/strong>. De esta manera podr\u00e1 consultar todos los art\u00edculos que tenemos a la venta as\u00ed como sus precios.<\/div>\n<form action=\"https:\/\/eleggua.es\/blog\/envia_form_php.php\" method=\"post\"><\/form>\n<p>[\/et_pb_text][\/et_pb_column_inner][\/et_pb_row_inner][et_pb_row_inner custom_padding=\u00bb|20px|5px|20px||\u00bb custom_css_before_1=\u00bbcolor:white;\u00bb _builder_version=\u00bb3.22.7&#8243; background_image=\u00bbhttps:\/\/eleggua.es\/blog\/wp-content\/uploads\/2019\/05\/fondoformu.jpg\u00bb border_radii=\u00bbon|10px|10px|10px|10px\u00bb][et_pb_column_inner type=\u00bb4_4&#8243; saved_specialty_column_type=\u00bb2_3&#8243; _builder_version=\u00bb3.0.47&#8243;][et_pb_contact_form captcha=\u00bboff\u00bb email=\u00bbinfo@eleggua.es,eleggua.es@hotmail.com\u00bb custom_message=\u00bbRaz\u00f3n Fiscal: %%razon-fiscal%%||et_pb_line_break_holder||Nombre comercial: %%nombre-comercial%%||et_pb_line_break_holder||CIF: %%cif%%||et_pb_line_break_holder||Direcci\u00f3n: %%direccion%%||et_pb_line_break_holder||Poblaci\u00f3n: %%poblacion%%||et_pb_line_break_holder||C\u00f3digo postal: %%codigo-postal%%||et_pb_line_break_holder||Pa\u00eds: %%pais%%||et_pb_line_break_holder||Tel\u00e9fono: %%Telefono%%||et_pb_line_break_holder||Fax: %%fax%%||et_pb_line_break_holder||Email: %%Email%%||et_pb_line_break_holder||P\u00e1gina web: %%web%%||et_pb_line_break_holder||IVA: %%iva%%||et_pb_line_break_holder||Forma de pago: %%forma-pago%%||et_pb_line_break_holder||Tipo de comprador: %%tipo-comprador%%||et_pb_line_break_holder||C\u00f3mo nos conociste: %%como-nos-conociste%%\u00bb success_message=\u00bbGracias por tu inter\u00e9s. Te responderemos lo antes posible\u00bb _builder_version=\u00bb3.23.3&#8243; form_field_background_color=\u00bb#ffffff\u00bb title_font=\u00bb||||||||\u00bb title_text_color=\u00bb#000000&#8243; captcha_font=\u00bb||||||||\u00bb form_field_font=\u00bb||||||||\u00bb form_field_text_align=\u00bbleft\u00bb form_field_font_size=\u00bb10px\u00bb form_field_line_height=\u00bb1em\u00bb custom_button=\u00bbon\u00bb button_text_color=\u00bb#ffffff\u00bb button_bg_color=\u00bb#0c71c3&#8243; button_border_color=\u00bbrgba(0,0,0,0)\u00bb button_border_radius=\u00bb18px\u00bb button_font=\u00bb||||||||\u00bb button_use_icon=\u00bboff\u00bb text_orientation=\u00bbleft\u00bb form_background_color=\u00bb#ffffff\u00bb][et_pb_contact_field field_id=\u00bbrazon-fiscal\u00bb field_title=\u00bbRaz\u00f3n Fiscal\u00bb _builder_version=\u00bb3.22.7&#8243; form_field_text_color=\u00bb#000000&#8243; form_field_font=\u00bb||||||||\u00bb border_radii=\u00bbon||||\u00bb button_text_size__hover_enabled=\u00bboff\u00bb button_one_text_size__hover_enabled=\u00bboff\u00bb button_two_text_size__hover_enabled=\u00bboff\u00bb button_text_color__hover_enabled=\u00bboff\u00bb button_one_text_color__hover_enabled=\u00bboff\u00bb button_two_text_color__hover_enabled=\u00bboff\u00bb button_border_width__hover_enabled=\u00bboff\u00bb button_one_border_width__hover_enabled=\u00bboff\u00bb button_two_border_width__hover_enabled=\u00bboff\u00bb button_border_color__hover_enabled=\u00bboff\u00bb button_one_border_color__hover_enabled=\u00bboff\u00bb button_two_border_color__hover_enabled=\u00bboff\u00bb button_border_radius__hover_enabled=\u00bboff\u00bb button_one_border_radius__hover_enabled=\u00bboff\u00bb button_two_border_radius__hover_enabled=\u00bboff\u00bb button_letter_spacing__hover_enabled=\u00bboff\u00bb button_one_letter_spacing__hover_enabled=\u00bboff\u00bb button_two_letter_spacing__hover_enabled=\u00bboff\u00bb button_bg_color__hover_enabled=\u00bboff\u00bb button_one_bg_color__hover_enabled=\u00bboff\u00bb button_two_bg_color__hover_enabled=\u00bboff\u00bb][\/et_pb_contact_field][et_pb_contact_field field_id=\u00bbnombre-comercial\u00bb field_title=\u00bbNombre comercial\u00bb _builder_version=\u00bb3.22.7&#8243; form_field_text_color=\u00bb#000000&#8243; form_field_font=\u00bb||||||||\u00bb border_radii=\u00bbon||||\u00bb button_text_size__hover_enabled=\u00bboff\u00bb button_one_text_size__hover_enabled=\u00bboff\u00bb button_two_text_size__hover_enabled=\u00bboff\u00bb button_text_color__hover_enabled=\u00bboff\u00bb button_one_text_color__hover_enabled=\u00bboff\u00bb button_two_text_color__hover_enabled=\u00bboff\u00bb button_border_width__hover_enabled=\u00bboff\u00bb button_one_border_width__hover_enabled=\u00bboff\u00bb button_two_border_width__hover_enabled=\u00bboff\u00bb button_border_color__hover_enabled=\u00bboff\u00bb button_one_border_color__hover_enabled=\u00bboff\u00bb button_two_border_color__hover_enabled=\u00bboff\u00bb button_border_radius__hover_enabled=\u00bboff\u00bb button_one_border_radius__hover_enabled=\u00bboff\u00bb button_two_border_radius__hover_enabled=\u00bboff\u00bb button_letter_spacing__hover_enabled=\u00bboff\u00bb button_one_letter_spacing__hover_enabled=\u00bboff\u00bb button_two_letter_spacing__hover_enabled=\u00bboff\u00bb button_bg_color__hover_enabled=\u00bboff\u00bb button_one_bg_color__hover_enabled=\u00bboff\u00bb button_two_bg_color__hover_enabled=\u00bboff\u00bb][\/et_pb_contact_field][et_pb_contact_field field_id=\u00bbcif\u00bb field_title=\u00bbCIF\u00bb fullwidth_field=\u00bbon\u00bb _builder_version=\u00bb3.22.7&#8243; form_field_text_color=\u00bb#000000&#8243; form_field_font=\u00bb||||||||\u00bb][\/et_pb_contact_field][et_pb_contact_field field_id=\u00bbdireccion\u00bb field_title=\u00bbDirecci\u00f3n\u00bb fullwidth_field=\u00bbon\u00bb _builder_version=\u00bb3.22.7&#8243; form_field_text_color=\u00bb#000000&#8243; form_field_font=\u00bb||||||||\u00bb][\/et_pb_contact_field][et_pb_contact_field field_id=\u00bbpoblaci\u00f3n\u00bb field_title=\u00bbPoblaci\u00f3n\u00bb fullwidth_field=\u00bbon\u00bb _builder_version=\u00bb3.22.7&#8243; form_field_text_color=\u00bb#000000&#8243; form_field_font=\u00bb||||||||\u00bb][\/et_pb_contact_field][et_pb_contact_field field_id=\u00bbcodigo-postal\u00bb field_title=\u00bbC\u00f3digo Postal\u00bb min_length=\u00bb5&#8243; max_length=\u00bb5&#8243; allowed_symbols=\u00bbnumbers\u00bb _builder_version=\u00bb3.22.7&#8243; form_field_text_color=\u00bb#000000&#8243; form_field_font=\u00bb||||||||\u00bb][\/et_pb_contact_field][et_pb_contact_field field_id=\u00bbpais\u00bb field_title=\u00bbPa\u00eds\u00bb _builder_version=\u00bb3.23.3&#8243; form_field_text_color=\u00bb#000000&#8243; form_field_font=\u00bb||||||||\u00bb][\/et_pb_contact_field][et_pb_contact_field field_id=\u00bbTelefono\u00bb field_title=\u00bbTel\u00e9fono\u00bb min_length=\u00bb9&#8243; max_length=\u00bb9&#8243; allowed_symbols=\u00bbnumbers\u00bb _builder_version=\u00bb3.22.7&#8243; form_field_text_color=\u00bb#000000&#8243; form_field_font=\u00bb||||||||\u00bb][\/et_pb_contact_field][et_pb_contact_field field_id=\u00bbfax\u00bb field_title=\u00bbFax\u00bb min_length=\u00bb9&#8243; max_length=\u00bb9&#8243; allowed_symbols=\u00bbnumbers\u00bb required_mark=\u00bboff\u00bb _builder_version=\u00bb3.22.7&#8243; form_field_text_color=\u00bb#000000&#8243; form_field_font=\u00bb||||||||\u00bb][\/et_pb_contact_field][et_pb_contact_field field_id=\u00bbEmail\u00bb field_title=\u00bbEmail\u00bb field_type=\u00bbemail\u00bb _builder_version=\u00bb3.22.7&#8243; form_field_text_color=\u00bb#000000&#8243; form_field_font=\u00bb||||||||\u00bb][\/et_pb_contact_field][et_pb_contact_field field_id=\u00bbweb\u00bb field_title=\u00bbP\u00e1gina Web\u00bb required_mark=\u00bboff\u00bb _builder_version=\u00bb3.22.7&#8243; form_field_text_color=\u00bb#000000&#8243; form_field_font=\u00bb||||||||\u00bb][\/et_pb_contact_field][et_pb_contact_field field_id=\u00bbiva\u00bb field_title=\u00bbIVA\u00bb field_type=\u00bbradio\u00bb radio_options=\u00bb%91{%22value%22:%2221%%22,%22checked%22:0,%22dragID%22:-1,%22link_url%22:%22%22,%22link_text%22:%22%22},{%22value%22:%2221%+RE%22,%22checked%22:0,%22dragID%22:0}%93&#8243; _builder_version=\u00bb3.23.3&#8243; form_field_font=\u00bb||||||||\u00bb custom_margin=\u00bb0px|||0px\u00bb custom_padding=\u00bb0px||\u00bb][\/et_pb_contact_field][et_pb_contact_field field_id=\u00bbforma-pago\u00bb field_title=\u00bbForma de pago\u00bb field_type=\u00bbradio\u00bb radio_options=\u00bb%91{%22value%22:%22Contrarreembolso%22,%22checked%22:0,%22dragID%22:-1},{%22value%22:%22Precio Ingreso en cuenta%22,%22checked%22:0,%22dragID%22:0}%93&#8243; _builder_version=\u00bb3.23.3&#8243; form_field_font=\u00bb||||||||\u00bb hover_enabled=\u00bb0&#8243; form_field_focus_background_color_last_edited=\u00bboff|desktop\u00bb][\/et_pb_contact_field][et_pb_contact_field field_id=\u00bbtipo-comprador\u00bb field_title=\u00bbTipo de comprador\u00bb field_type=\u00bbradio\u00bb radio_options=\u00bb%91{%22value%22:%22Mayorista%22,%22checked%22:0,%22dragID%22:-1},{%22value%22:%22Detal%22,%22checked%22:0,%22dragID%22:0}%93&#8243; fullwidth_field=\u00bbon\u00bb _builder_version=\u00bb3.23.3&#8243; form_field_font=\u00bb||||||||\u00bb][\/et_pb_contact_field][et_pb_contact_field field_id=\u00bbcomo-nos-conociste\u00bb field_title=\u00bbC\u00f3mo nos conociste\u00bb required_mark=\u00bboff\u00bb fullwidth_field=\u00bbon\u00bb _builder_version=\u00bb3.22.7&#8243; form_field_text_color=\u00bb#000000&#8243; form_field_font=\u00bb||||||||\u00bb][\/et_pb_contact_field][et_pb_contact_field field_id=\u00bbprivacidad\u00bb field_title=\u00bb \u00bb field_type=\u00bbcheckbox\u00bb checkbox_options=\u00bb%91{%22value%22:%22 Acepto la pol\u00edtica de privacidad%22,%22checked%22:0,%22dragID%22:-1}%93&#8243; fullwidth_field=\u00bbon\u00bb _builder_version=\u00bb3.23.3&#8243; form_field_font=\u00bb||||||||\u00bb][\/et_pb_contact_field][\/et_pb_contact_form][\/et_pb_column_inner][\/et_pb_row_inner][\/et_pb_column][\/et_pb_section]<\/p>\n","protected":false},"excerpt":{"rendered":"<p>[et_pb_section fb_built=\u00bb1&#8243; specialty=\u00bbon\u00bb _builder_version=\u00bb3.22.7&#8243; custom_padding=\u00bb||0px|||\u00bb][et_pb_column type=\u00bb1_3&#8243; _builder_version=\u00bb3.0.47&#8243;][et_pb_image src=\u00bbhttps:\/\/eleggua.es\/blog\/wp-content\/uploads\/2019\/05\/fondo-contenido3.jpg\u00bb alt=\u00bbEleggua tienda de esoterismo en Madrid y Barcelona\u00bb align_tablet=\u00bbcenter\u00bb align_last_edited=\u00bbon|desktop\u00bb disabled_on=\u00bbon|off|off\u00bb _builder_version=\u00bb3.23&#8243; width=\u00bb102.3%\u00bb min_height=\u00bb1086px\u00bb custom_margin=\u00bb-77px|-19px|-30px|-56px||\u00bb custom_padding=\u00bb0px|0px||||\u00bb][\/et_pb_image][\/et_pb_column][et_pb_column type=\u00bb2_3&#8243; specialty_columns=\u00bb2&#8243; _builder_version=\u00bb3.0.47&#8243;][et_pb_row_inner custom_padding=\u00bb||20px|||\u00bb _builder_version=\u00bb3.22.7&#8243; custom_margin=\u00bb-50px|||-41px||\u00bb][et_pb_column_inner type=\u00bb4_4&#8243; saved_specialty_column_type=\u00bb2_3&#8243; _builder_version=\u00bb3.0.47&#8243;][et_pb_text _builder_version=\u00bb3.22.7&#8243; text_font=\u00bb|700|||||||\u00bb text_text_color=\u00bb#900f3c\u00bb text_font_size=\u00bb18px\u00bb header_font=\u00bb||||||||\u00bb header_text_color=\u00bb#900f3c\u00bb header_font_size=\u00bb18px\u00bb] DARSE DE ALTA [\/et_pb_text][\/et_pb_column_inner][\/et_pb_row_inner][et_pb_row_inner custom_padding=\u00bb0px||7px|||\u00bb _builder_version=\u00bb3.22.7&#8243; width=\u00bb105.1%\u00bb custom_margin=\u00bb|-25px|-11px|||\u00bb][et_pb_column_inner type=\u00bb4_4&#8243; saved_specialty_column_type=\u00bb2_3&#8243; _builder_version=\u00bb3.0.47&#8243;][et_pb_text _builder_version=\u00bb3.22.7&#8243; text_font=\u00bb||||||||\u00bb custom_margin=\u00bb||25px|-38px||\u00bb custom_margin_phone=\u00bb|10px||10px\u00bb [&hellip;]<\/p>\n","protected":false},"author":1,"featured_media":0,"parent":0,"menu_order":0,"comment_status":"closed","ping_status":"closed","template":"","meta":{"_et_pb_use_builder":"on","_et_pb_old_content":"<!-- wp:divi\/placeholder \/-->"},"yoast_head":"<!-- This site is optimized with the Yoast SEO plugin v19.1 - https:\/\/yoast.com\/wordpress\/plugins\/seo\/ -->\n<title>Eleggua.es - tienda de productos esot\u00e9ricos y art\u00edculos de santer\u00eda, On-line, Madrid y Barcelona.<\/title>\n<meta name=\"description\" content=\"Eleggua.es, tienda especialista en productos esot\u00e9ricos y art\u00edculos de santer\u00eda, On-line, Madrid y Barcelona\" \/>\n<meta name=\"robots\" content=\"noindex, nofollow\" \/>\n<meta property=\"og:locale\" content=\"es_ES\" \/>\n<meta property=\"og:type\" content=\"article\" \/>\n<meta property=\"og:title\" content=\"Eleggua.es - tienda de productos esot\u00e9ricos y art\u00edculos de santer\u00eda, On-line, Madrid y Barcelona.\" \/>\n<meta property=\"og:description\" content=\"Eleggua.es, tienda especialista en productos esot\u00e9ricos y art\u00edculos de santer\u00eda, On-line, Madrid y Barcelona\" \/>\n<meta property=\"og:url\" content=\"https:\/\/eleggua.es\/blog\/alta-clientes\/\" \/>\n<meta property=\"og:site_name\" content=\"Eleggua\" \/>\n<meta property=\"article:modified_time\" content=\"2020-02-11T09:50:16+00:00\" \/>\n<meta name=\"twitter:card\" content=\"summary_large_image\" \/>\n<meta name=\"twitter:label1\" content=\"Tiempo de lectura\" \/>\n\t<meta name=\"twitter:data1\" content=\"7 minutos\" \/>\n<script type=\"application\/ld+json\" class=\"yoast-schema-graph\">{\"@context\":\"https:\/\/schema.org\",\"@graph\":[{\"@type\":\"WebSite\",\"@id\":\"https:\/\/eleggua.es\/blog\/#website\",\"url\":\"https:\/\/eleggua.es\/blog\/\",\"name\":\"Eleggua\",\"description\":\"Tiendas de productos esot\u00e9ricos en Madrid y Barcelona. Tienda online de productos esotericos y de santeria al por mayor.\",\"potentialAction\":[{\"@type\":\"SearchAction\",\"target\":{\"@type\":\"EntryPoint\",\"urlTemplate\":\"https:\/\/eleggua.es\/blog\/?s={search_term_string}\"},\"query-input\":\"required name=search_term_string\"}],\"inLanguage\":\"es\"},{\"@type\":\"WebPage\",\"@id\":\"https:\/\/eleggua.es\/blog\/alta-clientes\/#webpage\",\"url\":\"https:\/\/eleggua.es\/blog\/alta-clientes\/\",\"name\":\"Eleggua.es - tienda de productos esot\u00e9ricos y art\u00edculos de santer\u00eda, On-line, Madrid y Barcelona.\",\"isPartOf\":{\"@id\":\"https:\/\/eleggua.es\/blog\/#website\"},\"datePublished\":\"2019-05-22T11:49:46+00:00\",\"dateModified\":\"2020-02-11T09:50:16+00:00\",\"description\":\"Eleggua.es, tienda especialista en productos esot\u00e9ricos y art\u00edculos de santer\u00eda, On-line, Madrid y Barcelona\",\"breadcrumb\":{\"@id\":\"https:\/\/eleggua.es\/blog\/alta-clientes\/#breadcrumb\"},\"inLanguage\":\"es\",\"potentialAction\":[{\"@type\":\"ReadAction\",\"target\":[\"https:\/\/eleggua.es\/blog\/alta-clientes\/\"]}]},{\"@type\":\"BreadcrumbList\",\"@id\":\"https:\/\/eleggua.es\/blog\/alta-clientes\/#breadcrumb\",\"itemListElement\":[{\"@type\":\"ListItem\",\"position\":1,\"name\":\"Portada\",\"item\":\"https:\/\/eleggua.es\/blog\/\"},{\"@type\":\"ListItem\",\"position\":2,\"name\":\"Alta clientes\"}]}]}<\/script>\n<!-- \/ Yoast SEO plugin. -->","yoast_head_json":{"title":"Eleggua.es - tienda de productos esot\u00e9ricos y art\u00edculos de santer\u00eda, On-line, Madrid y Barcelona.","description":"Eleggua.es, tienda especialista en productos esot\u00e9ricos y art\u00edculos de santer\u00eda, On-line, Madrid y Barcelona","robots":{"index":"noindex","follow":"nofollow"},"og_locale":"es_ES","og_type":"article","og_title":"Eleggua.es - tienda de productos esot\u00e9ricos y art\u00edculos de santer\u00eda, On-line, Madrid y Barcelona.","og_description":"Eleggua.es, tienda especialista en productos esot\u00e9ricos y art\u00edculos de santer\u00eda, On-line, Madrid y Barcelona","og_url":"https:\/\/eleggua.es\/blog\/alta-clientes\/","og_site_name":"Eleggua","article_modified_time":"2020-02-11T09:50:16+00:00","twitter_card":"summary_large_image","twitter_misc":{"Tiempo de lectura":"7 minutos"},"schema":{"@context":"https:\/\/schema.org","@graph":[{"@type":"WebSite","@id":"https:\/\/eleggua.es\/blog\/#website","url":"https:\/\/eleggua.es\/blog\/","name":"Eleggua","description":"Tiendas de productos esot\u00e9ricos en Madrid y Barcelona. Tienda online de productos esotericos y de santeria al por mayor.","potentialAction":[{"@type":"SearchAction","target":{"@type":"EntryPoint","urlTemplate":"https:\/\/eleggua.es\/blog\/?s={search_term_string}"},"query-input":"required name=search_term_string"}],"inLanguage":"es"},{"@type":"WebPage","@id":"https:\/\/eleggua.es\/blog\/alta-clientes\/#webpage","url":"https:\/\/eleggua.es\/blog\/alta-clientes\/","name":"Eleggua.es - tienda de productos esot\u00e9ricos y art\u00edculos de santer\u00eda, On-line, Madrid y Barcelona.","isPartOf":{"@id":"https:\/\/eleggua.es\/blog\/#website"},"datePublished":"2019-05-22T11:49:46+00:00","dateModified":"2020-02-11T09:50:16+00:00","description":"Eleggua.es, tienda especialista en productos esot\u00e9ricos y art\u00edculos de santer\u00eda, On-line, Madrid y Barcelona","breadcrumb":{"@id":"https:\/\/eleggua.es\/blog\/alta-clientes\/#breadcrumb"},"inLanguage":"es","potentialAction":[{"@type":"ReadAction","target":["https:\/\/eleggua.es\/blog\/alta-clientes\/"]}]},{"@type":"BreadcrumbList","@id":"https:\/\/eleggua.es\/blog\/alta-clientes\/#breadcrumb","itemListElement":[{"@type":"ListItem","position":1,"name":"Portada","item":"https:\/\/eleggua.es\/blog\/"},{"@type":"ListItem","position":2,"name":"Alta clientes"}]}]}},"_links":{"self":[{"href":"https:\/\/eleggua.es\/blog\/wp-json\/wp\/v2\/pages\/17"}],"collection":[{"href":"https:\/\/eleggua.es\/blog\/wp-json\/wp\/v2\/pages"}],"about":[{"href":"https:\/\/eleggua.es\/blog\/wp-json\/wp\/v2\/types\/page"}],"author":[{"embeddable":true,"href":"https:\/\/eleggua.es\/blog\/wp-json\/wp\/v2\/users\/1"}],"replies":[{"embeddable":true,"href":"https:\/\/eleggua.es\/blog\/wp-json\/wp\/v2\/comments?post=17"}],"version-history":[{"count":25,"href":"https:\/\/eleggua.es\/blog\/wp-json\/wp\/v2\/pages\/17\/revisions"}],"predecessor-version":[{"id":1728,"href":"https:\/\/eleggua.es\/blog\/wp-json\/wp\/v2\/pages\/17\/revisions\/1728"}],"wp:attachment":[{"href":"https:\/\/eleggua.es\/blog\/wp-json\/wp\/v2\/media?parent=17"}],"curies":[{"name":"wp","href":"https:\/\/api.w.org\/{rel}","templated":true}]}}